{"id":5221,"date":"2019-11-28T04:50:37","date_gmt":"2019-11-28T04:50:37","guid":{"rendered":"http:\/\/atricefieldinter.com\/?page_id=5221"},"modified":"2020-09-14T12:34:32","modified_gmt":"2020-09-14T05:34:32","slug":"about","status":"publish","type":"page","link":"https:\/\/ricefieldinter.com\/?page_id=5221","title":{"rendered":"SOCI\u00c9T\u00c9"},"content":{"rendered":"\t\t<div data-elementor-type=\"wp-page\" data-elementor-id=\"5221\" class=\"elementor elementor-5221 elementor-11\">\n\t\t\t\t\t\t<section class=\"elementor-section elementor-top-section elementor-element elementor-element-a75c869 elementor-section-stretched elementor-section-boxed elementor-section-height-default elementor-section-height-default\" data-id=\"a75c869\" data-element_type=\"section\" data-settings=\"{&quot;stretch_section&quot;:&quot;section-stretched&quot;,&quot;background_background&quot;:&quot;classic&quot;}\">\n\t\t\t\t\t\t<div class=\"elementor-container elementor-column-gap-default\">\n\t\t\t\t\t<div class=\"elementor-column elementor-col-100 elementor-top-column elementor-element elementor-element-0c361ec\" data-id=\"0c361ec\" data-element_type=\"column\">\n\t\t\t<div class=\"elementor-widget-wrap elementor-element-populated\">\n\t\t\t\t\t\t<div class=\"elementor-element elementor-element-743d83b tx-hd-align-center elementor-invisible elementor-widget elementor-widget-avas-heading\" data-id=\"743d83b\" data-element_type=\"widget\" data-settings=\"{&quot;_animation&quot;:&quot;fadeInUp&quot;}\" data-widget_type=\"avas-heading.default\">\n\t\t\t\t<div class=\"elementor-widget-container\">\n\t\t\t\t\t        <div class=\"tx-hd-wrap\">\n\n            <div class=\"tx-hd-wm\"><\/div>\n            \n            <div class=\"tx-hd-sub\"><\/div>\n                        <h2 class=\"tx-hd-title\">\n                <span class=\"tx-hd-first-part\">SOCI\u00c9T\u00c9<\/span>\n                <span class=\"tx-hd-last-part\"><\/span>\n            <\/h2>    \n            \n            <div class=\"tx-hd-desc\"><p>Pays du sourire, la Tha\u00eflande est aussi un pays d\u2019agriculture. Le riz est la culture la plus importante du pays, couvrant plus de la moiti\u00e9 de la superficie cultiv\u00e9e nationale. L\u2019exceptionnel ar\u00f4me naturel du riz parfum\u00e9 \u00abHom Mali Tha\u00ef\u00bb a acquis une renomm\u00e9e mondiale gr\u00e2ce \u00e0 l\u2019harmonie du climat tropical, un sol fertilis\u00e9 et une eau naturellement nourrissante.<\/p><p>Rice Field Inter Co.,Ltd. est le repr\u00e9sentant d\u00e9sign\u00e9 de nombreux meuniers de riz locaux. Op\u00e9rant strat\u00e9giquement depuis ses bureaux de Bangkok, Rice Field Inter Co.,Ltd. prend en charge pour ses clients l\u2019approvisionnement, la s\u00e9lection, les achats ainsi que de la logistique. Nous avons ouvert la voie \u00e0 l'exportation de riz de haute qualit\u00e9 et de produits alimentaires Tha\u00eflandais dans le monde entier. Nous sommes constamment en phase de n\u00e9gociation et de recherche, assistant nos clients jusque dans le d\u00e9veloppement de nouveaux produits ou encore la s\u00e9curisation des marques exclusives.<\/p><p>Chez Rice Field Inter Co.,Ltd., nous entretenons des rapports privil\u00e9gi\u00e9s avec nos partenaires de l'industrie alimentaire et rizicole, \u00e9tablissons une relation durable et fructueuse, leur faisant acqu\u00e9rir de nombreux nouveaux clients chaque ann\u00e9e.<\/p><\/div>\n\n\n                   \n        <\/div><!-- tx-hd-wrap -->\n\n\n\n\n\n\n\n\n\t\t\t\t<\/div>\n\t\t\t\t<\/div>\n\t\t\t\t<div class=\"elementor-element elementor-element-edc06e5 tx-hd-align-center elementor-widget elementor-widget-avas-heading\" data-id=\"edc06e5\" data-element_type=\"widget\" data-widget_type=\"avas-heading.default\">\n\t\t\t\t<div class=\"elementor-widget-container\">\n\t\t\t\t\t        <div class=\"tx-hd-wrap\">\n\n            <div class=\"tx-hd-wm\"><\/div>\n            \n            <div class=\"tx-hd-sub\"><\/div>\n                        <h2 class=\"tx-hd-title\">\n                <span class=\"tx-hd-first-part\">Que faisons-nous?<\/span>\n                <span class=\"tx-hd-last-part\"><\/span>\n            <\/h2>    \n            \n            <div class=\"tx-hd-desc\"><\/div>\n\n\n                   \n        <\/div><!-- tx-hd-wrap -->\n\n\n\n\n\n\n\n\n\t\t\t\t<\/div>\n\t\t\t\t<\/div>\n\t\t\t\t<section class=\"elementor-section elementor-inner-section elementor-element elementor-element-da546b4 elementor-section-full_width elementor-section-height-default elementor-section-height-default\" data-id=\"da546b4\" data-element_type=\"section\">\n\t\t\t\t\t\t<div class=\"elementor-container elementor-column-gap-extended\">\n\t\t\t\t\t<div class=\"elementor-column elementor-col-33 elementor-inner-column elementor-element elementor-element-d59008f\" data-id=\"d59008f\" data-element_type=\"column\">\n\t\t\t<div class=\"elementor-widget-wrap elementor-element-populated\">\n\t\t\t\t\t\t<div class=\"elementor-element elementor-element-a601015 elementor-widget elementor-widget-avas-image-box\" data-id=\"a601015\" data-element_type=\"widget\" data-widget_type=\"avas-image-box.default\">\n\t\t\t\t<div class=\"elementor-widget-container\">\n\t\t\t\t\t\n\t\t<div class=\"tx-image-box-wrap\">\n\n\t\t\t<div class=\"tx-ib-image\">\n\t\t\t\t<div class=\"tx-ib-img-overlay\"><\/div>\n\t\t\t\t<img decoding=\"async\" src=\"http:\/\/atricefieldinter.com\/wp-content\/uploads\/2020\/08\/P01.jpg\" alt=\"PRODUCTION\">\n\t\t\t\t\t\t\t\t<span class=\"tx-ib-img-hov-txt\"><\/span>\n\t\t\t\t\t\t\t<\/div><!-- tx-ib-image -->\n\n            <div class=\"tx-ib-content\">\n\t\t        \t\t\t\t<h4 class=\"tx-ib-title\">PRODUCTION<\/h4>\n\t\t\t\t\n\t\t\t\t<div class=\"tx-ib-desc\">\n\t\t\t\t\t\t\t\t<\/div><!-- tx-ib-desc -->\n\n\t\t\t\t\t\t\t<\/div><!-- tx-ih-content-wrap -->\n\n\t\t<\/div><!-- tx-image-box-wrap -->\n\t\t\n\n\t\t\n\t\t\t\t<\/div>\n\t\t\t\t<\/div>\n\t\t\t\t\t<\/div>\n\t\t<\/div>\n\t\t\t\t<div class=\"elementor-column elementor-col-33 elementor-inner-column elementor-element elementor-element-f43dd30\" data-id=\"f43dd30\" data-element_type=\"column\">\n\t\t\t<div class=\"elementor-widget-wrap elementor-element-populated\">\n\t\t\t\t\t\t<div class=\"elementor-element elementor-element-17f5588 elementor-widget elementor-widget-avas-image-box\" data-id=\"17f5588\" data-element_type=\"widget\" data-widget_type=\"avas-image-box.default\">\n\t\t\t\t<div class=\"elementor-widget-container\">\n\t\t\t\t\t\n\t\t<div class=\"tx-image-box-wrap\">\n\n\t\t\t<div class=\"tx-ib-image\">\n\t\t\t\t<div class=\"tx-ib-img-overlay\"><\/div>\n\t\t\t\t<img decoding=\"async\" src=\"http:\/\/atricefieldinter.com\/wp-content\/uploads\/2020\/08\/P02.jpg\" alt=\"CONTR\u00d4LE\">\n\t\t\t\t\t\t\t\t<span class=\"tx-ib-img-hov-txt\"><\/span>\n\t\t\t\t\t\t\t<\/div><!-- tx-ib-image -->\n\n            <div class=\"tx-ib-content\">\n\t\t        \t\t\t\t<h4 class=\"tx-ib-title\">CONTR\u00d4LE<\/h4>\n\t\t\t\t\n\t\t\t\t<div class=\"tx-ib-desc\">\n\t\t\t\t\t\t\t\t<\/div><!-- tx-ib-desc -->\n\n\t\t\t\t\t\t\t<\/div><!-- tx-ih-content-wrap -->\n\n\t\t<\/div><!-- tx-image-box-wrap -->\n\t\t\n\n\t\t\n\t\t\t\t<\/div>\n\t\t\t\t<\/div>\n\t\t\t\t\t<\/div>\n\t\t<\/div>\n\t\t\t\t<div class=\"elementor-column elementor-col-33 elementor-inner-column elementor-element elementor-element-af8d489\" data-id=\"af8d489\" data-element_type=\"column\">\n\t\t\t<div class=\"elementor-widget-wrap elementor-element-populated\">\n\t\t\t\t\t\t<div class=\"elementor-element elementor-element-2cc9b52 elementor-widget elementor-widget-avas-image-box\" data-id=\"2cc9b52\" data-element_type=\"widget\" data-widget_type=\"avas-image-box.default\">\n\t\t\t\t<div class=\"elementor-widget-container\">\n\t\t\t\t\t\n\t\t<div class=\"tx-image-box-wrap\">\n\n\t\t\t<div class=\"tx-ib-image\">\n\t\t\t\t<div class=\"tx-ib-img-overlay\"><\/div>\n\t\t\t\t<img decoding=\"async\" src=\"http:\/\/atricefieldinter.com\/wp-content\/uploads\/2020\/08\/P03.jpg\" alt=\"CHARGEMENT\/EXPORTATION\">\n\t\t\t\t\t\t\t\t<span class=\"tx-ib-img-hov-txt\"><\/span>\n\t\t\t\t\t\t\t<\/div><!-- tx-ib-image -->\n\n            <div class=\"tx-ib-content\">\n\t\t        \t\t\t\t<h4 class=\"tx-ib-title\">CHARGEMENT\/EXPORTATION<\/h4>\n\t\t\t\t\n\t\t\t\t<div class=\"tx-ib-desc\">\n\t\t\t\t\t\t\t\t<\/div><!-- tx-ib-desc -->\n\n\t\t\t\t\t\t\t<\/div><!-- tx-ih-content-wrap -->\n\n\t\t<\/div><!-- tx-image-box-wrap -->\n\t\t\n\n\t\t\n\t\t\t\t<\/div>\n\t\t\t\t<\/div>\n\t\t\t\t\t<\/div>\n\t\t<\/div>\n\t\t\t\t\t<\/div>\n\t\t<\/section>\n\t\t\t\t\t<\/div>\n\t\t<\/div>\n\t\t\t\t\t<\/div>\n\t\t<\/section>\n\t\t\t\t<section class=\"elementor-section elementor-top-section elementor-element elementor-element-1264603 elementor-section-stretched elementor-section-boxed elementor-section-height-default elementor-section-height-default\" data-id=\"1264603\" data-element_type=\"section\" data-settings=\"{&quot;stretch_section&quot;:&quot;section-stretched&quot;}\">\n\t\t\t\t\t\t<div class=\"elementor-container elementor-column-gap-default\">\n\t\t\t\t\t<div class=\"elementor-column elementor-col-100 elementor-top-column elementor-element elementor-element-2531874\" data-id=\"2531874\" data-element_type=\"column\">\n\t\t\t<div class=\"elementor-widget-wrap elementor-element-populated\">\n\t\t\t\t\t\t<div class=\"elementor-element elementor-element-1833943 tx-hd-align-center elementor-widget elementor-widget-avas-heading\" data-id=\"1833943\" data-element_type=\"widget\" data-widget_type=\"avas-heading.default\">\n\t\t\t\t<div class=\"elementor-widget-container\">\n\t\t\t\t\t        <div class=\"tx-hd-wrap\">\n\n            <div class=\"tx-hd-wm\"><\/div>\n            \n            <div class=\"tx-hd-sub\"><\/div>\n                        <h2 class=\"tx-hd-title\">\n                <span class=\"tx-hd-first-part\">Nos experts<\/span>\n                <span class=\"tx-hd-last-part\"><\/span>\n            <\/h2>    \n            \n            <div class=\"tx-hd-desc\"><div class=\"tx-hd-desc\"><p>De nombreuses entreprises font confiance \u00e0 notre fort potentiel et \u00e0 notre pouvoir de n\u00e9gociation. C\u2019est pourquoi notre prix est tr\u00e8s comp\u00e9titif sur le march\u00e9.<\/p><p>Nous suivons de pr\u00e8s chaque \u00e9tape du processus et du contr\u00f4le qualit\u00e9, pour assurer une satisfaction totale \u00e0 nos clients.<\/p><p>Nous comptons parmi nos clients des importateurs, des grossistes, des d\u00e9taillants, des supermarch\u00e9s, notamment dans le secteur d\u2019activit\u00e9 HORECA aux quatre coins du monde en Europe, Asie, Afrique et Oc\u00e9anie.<\/p><p>Les produits de riz propos\u00e9s par Rice Field Inter Co., Ltd. sont produits et sourc\u00e9s selon leur type propre, et jouissent des certifications\u00a0 aux normes internationales suivantes : HACCP, GMP, BRC, ISO 9001, USFDA et HALAL.<\/p><\/div><\/div>\n\n\n                   \n        <\/div><!-- tx-hd-wrap -->\n\n\n\n\n\n\n\n\n\t\t\t\t<\/div>\n\t\t\t\t<\/div>\n\t\t\t\t\t<\/div>\n\t\t<\/div>\n\t\t\t\t\t<\/div>\n\t\t<\/section>\n\t\t\t\t<section class=\"elementor-section elementor-top-section elementor-element elementor-element-d899196 elementor-section-boxed elementor-section-height-default elementor-section-height-default\" data-id=\"d899196\" data-element_type=\"section\">\n\t\t\t\t\t\t<div class=\"elementor-container elementor-column-gap-default\">\n\t\t\t\t\t<div class=\"elementor-column elementor-col-16 elementor-top-column elementor-element elementor-element-a16814d\" data-id=\"a16814d\" data-element_type=\"column\">\n\t\t\t<div class=\"elementor-widget-wrap elementor-element-populated\">\n\t\t\t\t\t\t<div class=\"elementor-element elementor-element-e040375 elementor-widget elementor-widget-image\" data-id=\"e040375\" data-element_type=\"widget\" data-widget_type=\"image.default\">\n\t\t\t\t<div class=\"elementor-widget-container\">\n\t\t\t\t\t\t\t\t\t\t\t\t\t\t\t<img decoding=\"async\" width=\"150\" height=\"150\" src=\"https:\/\/ricefieldinter.com\/wp-content\/uploads\/2020\/08\/001-1-150x150.png\" class=\"attachment-thumbnail size-thumbnail wp-image-5546\" alt=\"\" srcset=\"https:\/\/ricefieldinter.com\/wp-content\/uploads\/2020\/08\/001-1-150x150.png 150w, https:\/\/ricefieldinter.com\/wp-content\/uploads\/2020\/08\/001-1-80x80.png 80w, https:\/\/ricefieldinter.com\/wp-content\/uploads\/2020\/08\/001-1.png 220w\" sizes=\"(max-width: 150px) 100vw, 150px\" \/>\t\t\t\t\t\t\t\t\t\t\t\t\t\t\t<\/div>\n\t\t\t\t<\/div>\n\t\t\t\t\t<\/div>\n\t\t<\/div>\n\t\t\t\t<div class=\"elementor-column elementor-col-16 elementor-top-column elementor-element elementor-element-573080a\" data-id=\"573080a\" data-element_type=\"column\">\n\t\t\t<div class=\"elementor-widget-wrap elementor-element-populated\">\n\t\t\t\t\t\t<div class=\"elementor-element elementor-element-b4647a3 elementor-widget elementor-widget-image\" data-id=\"b4647a3\" data-element_type=\"widget\" data-widget_type=\"image.default\">\n\t\t\t\t<div class=\"elementor-widget-container\">\n\t\t\t\t\t\t\t\t\t\t\t\t\t\t\t<img decoding=\"async\" width=\"150\" height=\"150\" src=\"https:\/\/ricefieldinter.com\/wp-content\/uploads\/2020\/08\/001-2-150x150.png\" class=\"attachment-thumbnail size-thumbnail wp-image-5549\" alt=\"\" srcset=\"https:\/\/ricefieldinter.com\/wp-content\/uploads\/2020\/08\/001-2-150x150.png 150w, https:\/\/ricefieldinter.com\/wp-content\/uploads\/2020\/08\/001-2-80x80.png 80w, https:\/\/ricefieldinter.com\/wp-content\/uploads\/2020\/08\/001-2.png 220w\" sizes=\"(max-width: 150px) 100vw, 150px\" \/>\t\t\t\t\t\t\t\t\t\t\t\t\t\t\t<\/div>\n\t\t\t\t<\/div>\n\t\t\t\t\t<\/div>\n\t\t<\/div>\n\t\t\t\t<div class=\"elementor-column elementor-col-16 elementor-top-column elementor-element elementor-element-21838e5\" data-id=\"21838e5\" data-element_type=\"column\">\n\t\t\t<div class=\"elementor-widget-wrap elementor-element-populated\">\n\t\t\t\t\t\t<div class=\"elementor-element elementor-element-b12deb0 elementor-widget elementor-widget-image\" data-id=\"b12deb0\" data-element_type=\"widget\" data-widget_type=\"image.default\">\n\t\t\t\t<div class=\"elementor-widget-container\">\n\t\t\t\t\t\t\t\t\t\t\t\t\t\t\t<img decoding=\"async\" width=\"150\" height=\"150\" src=\"https:\/\/ricefieldinter.com\/wp-content\/uploads\/2020\/08\/002-150x150.png\" class=\"attachment-thumbnail size-thumbnail wp-image-5552\" alt=\"\" srcset=\"https:\/\/ricefieldinter.com\/wp-content\/uploads\/2020\/08\/002-150x150.png 150w, https:\/\/ricefieldinter.com\/wp-content\/uploads\/2020\/08\/002-80x80.png 80w, https:\/\/ricefieldinter.com\/wp-content\/uploads\/2020\/08\/002.png 220w\" sizes=\"(max-width: 150px) 100vw, 150px\" \/>\t\t\t\t\t\t\t\t\t\t\t\t\t\t\t<\/div>\n\t\t\t\t<\/div>\n\t\t\t\t\t<\/div>\n\t\t<\/div>\n\t\t\t\t<div class=\"elementor-column elementor-col-16 elementor-top-column elementor-element elementor-element-fefcb1d\" data-id=\"fefcb1d\" data-element_type=\"column\">\n\t\t\t<div class=\"elementor-widget-wrap elementor-element-populated\">\n\t\t\t\t\t\t<div class=\"elementor-element elementor-element-9e69b75 elementor-widget elementor-widget-image\" data-id=\"9e69b75\" data-element_type=\"widget\" data-widget_type=\"image.default\">\n\t\t\t\t<div class=\"elementor-widget-container\">\n\t\t\t\t\t\t\t\t\t\t\t\t\t\t\t<img loading=\"lazy\" decoding=\"async\" width=\"150\" height=\"150\" src=\"https:\/\/ricefieldinter.com\/wp-content\/uploads\/2020\/08\/003-150x150.png\" class=\"attachment-thumbnail size-thumbnail wp-image-5537\" alt=\"\" srcset=\"https:\/\/ricefieldinter.com\/wp-content\/uploads\/2020\/08\/003-150x150.png 150w, https:\/\/ricefieldinter.com\/wp-content\/uploads\/2020\/08\/003-80x80.png 80w, https:\/\/ricefieldinter.com\/wp-content\/uploads\/2020\/08\/003.png 220w\" sizes=\"(max-width: 150px) 100vw, 150px\" \/>\t\t\t\t\t\t\t\t\t\t\t\t\t\t\t<\/div>\n\t\t\t\t<\/div>\n\t\t\t\t\t<\/div>\n\t\t<\/div>\n\t\t\t\t<div class=\"elementor-column elementor-col-16 elementor-top-column elementor-element elementor-element-76568a2\" data-id=\"76568a2\" data-element_type=\"column\">\n\t\t\t<div class=\"elementor-widget-wrap elementor-element-populated\">\n\t\t\t\t\t\t<div class=\"elementor-element elementor-element-121f2c0 elementor-widget elementor-widget-image\" data-id=\"121f2c0\" data-element_type=\"widget\" data-widget_type=\"image.default\">\n\t\t\t\t<div class=\"elementor-widget-container\">\n\t\t\t\t\t\t\t\t\t\t\t\t\t\t\t<img loading=\"lazy\" decoding=\"async\" width=\"150\" height=\"150\" src=\"https:\/\/ricefieldinter.com\/wp-content\/uploads\/2020\/08\/004-2-150x150.png\" class=\"attachment-thumbnail size-thumbnail wp-image-5543\" alt=\"\" srcset=\"https:\/\/ricefieldinter.com\/wp-content\/uploads\/2020\/08\/004-2-150x150.png 150w, https:\/\/ricefieldinter.com\/wp-content\/uploads\/2020\/08\/004-2-80x80.png 80w, https:\/\/ricefieldinter.com\/wp-content\/uploads\/2020\/08\/004-2.png 220w\" sizes=\"(max-width: 150px) 100vw, 150px\" \/>\t\t\t\t\t\t\t\t\t\t\t\t\t\t\t<\/div>\n\t\t\t\t<\/div>\n\t\t\t\t\t<\/div>\n\t\t<\/div>\n\t\t\t\t<div class=\"elementor-column elementor-col-16 elementor-top-column elementor-element elementor-element-a50d51d\" data-id=\"a50d51d\" data-element_type=\"column\">\n\t\t\t<div class=\"elementor-widget-wrap elementor-element-populated\">\n\t\t\t\t\t\t<div class=\"elementor-element elementor-element-db4ec5b elementor-widget elementor-widget-image\" data-id=\"db4ec5b\" data-element_type=\"widget\" data-widget_type=\"image.default\">\n\t\t\t\t<div class=\"elementor-widget-container\">\n\t\t\t\t\t\t\t\t\t\t\t\t\t\t\t<img loading=\"lazy\" decoding=\"async\" width=\"150\" height=\"150\" src=\"https:\/\/ricefieldinter.com\/wp-content\/uploads\/2020\/08\/004-1-150x150.png\" class=\"attachment-thumbnail size-thumbnail wp-image-5540\" alt=\"\" srcset=\"https:\/\/ricefieldinter.com\/wp-content\/uploads\/2020\/08\/004-1-150x150.png 150w, https:\/\/ricefieldinter.com\/wp-content\/uploads\/2020\/08\/004-1-80x80.png 80w, https:\/\/ricefieldinter.com\/wp-content\/uploads\/2020\/08\/004-1.png 220w\" sizes=\"(max-width: 150px) 100vw, 150px\" \/>\t\t\t\t\t\t\t\t\t\t\t\t\t\t\t<\/div>\n\t\t\t\t<\/div>\n\t\t\t\t\t<\/div>\n\t\t<\/div>\n\t\t\t\t\t<\/div>\n\t\t<\/section>\n\t\t\t\t<section class=\"elementor-section elementor-top-section elementor-element elementor-element-567de72 elementor-section-stretched elementor-section-boxed elementor-section-height-default elementor-section-height-default\" data-id=\"567de72\" data-element_type=\"section\" data-settings=\"{&quot;stretch_section&quot;:&quot;section-stretched&quot;,&quot;background_background&quot;:&quot;classic&quot;}\">\n\t\t\t\t\t\t<div class=\"elementor-container elementor-column-gap-no\">\n\t\t\t\t\t<div class=\"elementor-column elementor-col-100 elementor-top-column elementor-element elementor-element-f4b6365\" data-id=\"f4b6365\" data-element_type=\"column\">\n\t\t\t<div class=\"elementor-widget-wrap elementor-element-populated\">\n\t\t\t\t\t\t<div class=\"elementor-element elementor-element-e817b95 elementor-widget elementor-widget-avas-call-to-action\" data-id=\"e817b95\" data-element_type=\"widget\" data-widget_type=\"avas-call-to-action.default\">\n\t\t\t\t<div class=\"elementor-widget-container\">\n\t\t\t\t\t                <div class=\"tx-call-to-action cta-icon-flex bg-lite\">\n        <div class=\"icon\">\n            <i class=\"fa fa-tag\"><\/i>\n        <\/div>\n        <div class=\"content\">\n            <h2 class=\"title\">Offre sp\u00e9ciale <\/h2>\n            <p><p>Contactez-nous pour conna\u00eetre notre meilleur offre.\u00a0\u00a0\u00a0\u00a0\u00a0<\/p><\/p>\n        <\/div>\n                <div class=\"action\">\n           <a href=\"#\" target=\"_self\" class=\"cta-button \">Cliquez ici<\/a>\n        <\/div>\n            <\/div>\n        \t\t\t\t<\/div>\n\t\t\t\t<\/div>\n\t\t\t\t\t<\/div>\n\t\t<\/div>\n\t\t\t\t\t<\/div>\n\t\t<\/section>\n\t\t\t\t<\/div>\n\t\t","protected":false},"excerpt":{"rendered":"<p class=\"tx-excerpt\">SOCI\u00c9T\u00c9 Pays du sourire, la Tha\u00eflande est aussi un pays d\u2019agriculture. Le riz est la culture la plus importante du pays, couvrant plus de la moiti\u00e9 de la superficie cultiv\u00e9e nationale. L\u2019exceptionnel ar\u00f4me","protected":false},"author":1,"featured_media":0,"parent":0,"menu_order":0,"comment_status":"closed","ping_status":"closed","template":"templates\/blank.php","meta":{"footnotes":""},"class_list":["post-5221","page","type-page","status-publish","hentry"],"_links":{"self":[{"href":"https:\/\/ricefieldinter.com\/index.php?rest_route=\/wp\/v2\/pages\/5221","targetHints":{"allow":["GET"]}}],"collection":[{"href":"https:\/\/ricefieldinter.com\/index.php?rest_route=\/wp\/v2\/pages"}],"about":[{"href":"https:\/\/ricefieldinter.com\/index.php?rest_route=\/wp\/v2\/types\/page"}],"author":[{"embeddable":true,"href":"https:\/\/ricefieldinter.com\/index.php?rest_route=\/wp\/v2\/users\/1"}],"replies":[{"embeddable":true,"href":"https:\/\/ricefieldinter.com\/index.php?rest_route=%2Fwp%2Fv2%2Fcomments&post=5221"}],"version-history":[{"count":0,"href":"https:\/\/ricefieldinter.com\/index.php?rest_route=\/wp\/v2\/pages\/5221\/revisions"}],"wp:attachment":[{"href":"https:\/\/ricefieldinter.com\/index.php?rest_route=%2Fwp%2Fv2%2Fmedia&parent=5221"}],"curies":[{"name":"wp","href":"https:\/\/api.w.org\/{rel}","templated":true}]}}